{"id":287,"date":"2025-03-29T16:48:43","date_gmt":"2025-03-29T15:48:43","guid":{"rendered":"https:\/\/www.septem-decolletage.com\/?page_id=287"},"modified":"2025-07-07T22:18:05","modified_gmt":"2025-07-07T20:18:05","slug":"cookies","status":"publish","type":"page","link":"https:\/\/www.septem-decolletage.com\/en\/cookies\/","title":{"rendered":"Cookies"},"content":{"rendered":"\t\t<div data-elementor-type=\"wp-page\" data-elementor-id=\"287\" class=\"elementor elementor-287\">\n\t\t\t\t<div class=\"elementor-element elementor-element-508725c e-flex e-con-boxed e-con e-parent\" data-id=\"508725c\" data-element_type=\"container\" data-e-type=\"container\">\n\t\t\t\t\t<div class=\"e-con-inner\">\n\t\t\t\t<div class=\"elementor-element elementor-element-22ff2e9 elementor-widget elementor-widget-heading\" data-id=\"22ff2e9\" data-element_type=\"widget\" data-e-type=\"widget\" data-widget_type=\"heading.default\">\n\t\t\t\t<div class=\"elementor-widget-container\">\n\t\t\t\t\t<h2 class=\"elementor-heading-title elementor-size-default\">G\u00e9rer vos pr\u00e9f\u00e9rences de cookie<\/h2>\t\t\t\t<\/div>\n\t\t\t\t<\/div>\n\t\t\t\t\t<\/div>\n\t\t\t\t<\/div>\n\t\t<div class=\"elementor-element elementor-element-be344d9 e-flex e-con-boxed e-con e-parent\" data-id=\"be344d9\" data-element_type=\"container\" data-e-type=\"container\">\n\t\t\t\t\t<div class=\"e-con-inner\">\n\t\t\t\t<div class=\"elementor-element elementor-element-2637e12 elementor-widget elementor-widget-button\" data-id=\"2637e12\" data-element_type=\"widget\" data-e-type=\"widget\" data-widget_type=\"button.default\">\n\t\t\t\t<div class=\"elementor-widget-container\">\n\t\t\t\t\t\t\t\t\t<div class=\"elementor-button-wrapper\">\n\t\t\t\t\t<a class=\"elementor-button elementor-button-link elementor-size-sm\" href=\"#\" id=\"open-cookie-btn\">\n\t\t\t\t\t\t<span class=\"elementor-button-content-wrapper\">\n\t\t\t\t\t\t\t\t\t<span class=\"elementor-button-text\">Modifier vos cookies ici<\/span>\n\t\t\t\t\t<\/span>\n\t\t\t\t\t<\/a>\n\t\t\t\t<\/div>\n\t\t\t\t\t\t\t\t<\/div>\n\t\t\t\t<\/div>\n\t\t\t\t<div class=\"elementor-element elementor-element-cc8dd49 elementor-widget elementor-widget-html\" data-id=\"cc8dd49\" data-element_type=\"widget\" data-e-type=\"widget\" data-widget_type=\"html.default\">\n\t\t\t\t<div class=\"elementor-widget-container\">\n\t\t\t\t\t<script>\n  \/\/ 1) Ensure our callback queue exists\n  window._axcb = window._axcb || [];\n\n  \/\/ 2) Push a function to run once Axeptio is ready\n  window._axcb.push(function(sdk){\n    \/\/ sdk.openCookies() is an alias of openAxeptioCookies()\n    \/\/ \u2192 opens the cookie\/settings widget\n    \/\/  [oai_citation:0\u2021support.axeptio.eu](https:\/\/support.axeptio.eu\/hc\/en-gb\/articles\/30301629739665-Axeptio-Javascript-SDK)\n\n    var btn = document.getElementById('open-cookie-btn');\n    if (!btn) return;\n\n    btn.addEventListener('click', function(){\n      \/\/ You can pass an object with extra settings, e.g. { currentStepIndex: 1 }\n      sdk.openCookies();\n    });\n  });\n<\/script>\t\t\t\t<\/div>\n\t\t\t\t<\/div>\n\t\t\t\t\t<\/div>\n\t\t\t\t<\/div>\n\t\t\t\t<\/div>\n\t\t","protected":false},"excerpt":{"rendered":"<p>G\u00e9rer vos pr\u00e9f\u00e9rences de cookie Modifier vos cookies ici<\/p>","protected":false},"author":1,"featured_media":0,"parent":0,"menu_order":0,"comment_status":"closed","ping_status":"closed","template":"","meta":{"site-sidebar-layout":"no-sidebar","site-content-layout":"","ast-site-content-layout":"full-width-container","site-content-style":"default","site-sidebar-style":"default","ast-global-header-display":"","ast-banner-title-visibility":"","ast-main-header-display":"","ast-hfb-above-header-display":"","ast-hfb-below-header-display":"","ast-hfb-mobile-header-display":"","site-post-title":"disabled","ast-breadcrumbs-content":"","ast-featured-img":"disabled","footer-sml-layout":"","ast-disable-related-posts":"","theme-transparent-header-meta":"","adv-header-id-meta":"","stick-header-meta":"","header-above-stick-meta":"","header-main-stick-meta":"","header-below-stick-meta":"","astra-migrate-meta-layouts":"default","ast-page-background-enabled":"default","ast-page-background-meta":{"desktop":{"background-color":"var(--ast-global-color-5)","background-image":"","background-repeat":"repeat","background-position":"center center","background-size":"auto","background-attachment":"scroll","background-type":"","background-media":"","overlay-type":"","overlay-color":"","overlay-opacity":"","overlay-gradient":""},"tablet":{"background-color":"","background-image":"","background-repeat":"repeat","background-position":"center center","background-size":"auto","background-attachment":"scroll","background-type":"","background-media":"","overlay-type":"","overlay-color":"","overlay-opacity":"","overlay-gradient":""},"mobile":{"background-color":"","background-image":"","background-repeat":"repeat","background-position":"center center","background-size":"auto","background-attachment":"scroll","background-type":"","background-media":"","overlay-type":"","overlay-color":"","overlay-opacity":"","overlay-gradient":""}},"ast-content-background-meta":{"desktop":{"background-color":"var(--ast-global-color-4)","background-image":"","background-repeat":"repeat","background-position":"center center","background-size":"auto","background-attachment":"scroll","background-type":"","background-media":"","overlay-type":"","overlay-color":"","overlay-opacity":"","overlay-gradient":""},"tablet":{"background-color":"var(--ast-global-color-4)","background-image":"","background-repeat":"repeat","background-position":"center center","background-size":"auto","background-attachment":"scroll","background-type":"","background-media":"","overlay-type":"","overlay-color":"","overlay-opacity":"","overlay-gradient":""},"mobile":{"background-color":"var(--ast-global-color-4)","background-image":"","background-repeat":"repeat","background-position":"center center","background-size":"auto","background-attachment":"scroll","background-type":"","background-media":"","overlay-type":"","overlay-color":"","overlay-opacity":"","overlay-gradient":""}},"footnotes":""},"class_list":["post-287","page","type-page","status-publish","hentry"],"yoast_head":"<!-- This site is optimized with the Yoast SEO plugin v27.4 - https:\/\/yoast.com\/product\/yoast-seo-wordpress\/ -->\n<title>Cookies - Septem D\u00e9colletage<\/title>\n<meta name=\"robots\" content=\"index, follow, max-snippet:-1, max-image-preview:large, max-video-preview:-1\" \/>\n<link rel=\"canonical\" href=\"https:\/\/www.septem-decolletage.com\/en\/cookies\/\" \/>\n<meta property=\"og:locale\" content=\"en_US\" \/>\n<meta property=\"og:type\" content=\"article\" \/>\n<meta property=\"og:title\" content=\"Cookies - Septem D\u00e9colletage\" \/>\n<meta property=\"og:description\" content=\"G\u00e9rer vos pr\u00e9f\u00e9rences de cookie Modifier vos cookies ici\" \/>\n<meta property=\"og:url\" content=\"https:\/\/www.septem-decolletage.com\/en\/cookies\/\" \/>\n<meta property=\"og:site_name\" content=\"Septem D\u00e9colletage\" \/>\n<meta property=\"article:modified_time\" content=\"2025-07-07T20:18:05+00:00\" \/>\n<meta name=\"twitter:card\" content=\"summary_large_image\" \/>\n<meta name=\"twitter:label1\" content=\"Est. reading time\" \/>\n\t<meta name=\"twitter:data1\" content=\"1 minute\" \/>\n<script type=\"application\/ld+json\" class=\"yoast-schema-graph\">{\"@context\":\"https:\\\/\\\/schema.org\",\"@graph\":[{\"@type\":\"WebPage\",\"@id\":\"https:\\\/\\\/www.septem-decolletage.com\\\/cookies\\\/\",\"url\":\"https:\\\/\\\/www.septem-decolletage.com\\\/cookies\\\/\",\"name\":\"Cookies - Septem D\u00e9colletage\",\"isPartOf\":{\"@id\":\"https:\\\/\\\/www.septem-decolletage.com\\\/#website\"},\"datePublished\":\"2025-03-29T15:48:43+00:00\",\"dateModified\":\"2025-07-07T20:18:05+00:00\",\"breadcrumb\":{\"@id\":\"https:\\\/\\\/www.septem-decolletage.com\\\/cookies\\\/#breadcrumb\"},\"inLanguage\":\"en-US\",\"potentialAction\":[{\"@type\":\"ReadAction\",\"target\":[\"https:\\\/\\\/www.septem-decolletage.com\\\/cookies\\\/\"]}]},{\"@type\":\"BreadcrumbList\",\"@id\":\"https:\\\/\\\/www.septem-decolletage.com\\\/cookies\\\/#breadcrumb\",\"itemListElement\":[{\"@type\":\"ListItem\",\"position\":1,\"name\":\"Accueil\",\"item\":\"https:\\\/\\\/www.septem-decolletage.com\\\/\"},{\"@type\":\"ListItem\",\"position\":2,\"name\":\"Cookies\"}]},{\"@type\":\"WebSite\",\"@id\":\"https:\\\/\\\/www.septem-decolletage.com\\\/#website\",\"url\":\"https:\\\/\\\/www.septem-decolletage.com\\\/\",\"name\":\"Septem D\u00e9colletage\",\"description\":\"\",\"publisher\":{\"@id\":\"https:\\\/\\\/www.septem-decolletage.com\\\/#organization\"},\"potentialAction\":[{\"@type\":\"SearchAction\",\"target\":{\"@type\":\"EntryPoint\",\"urlTemplate\":\"https:\\\/\\\/www.septem-decolletage.com\\\/?s={search_term_string}\"},\"query-input\":{\"@type\":\"PropertyValueSpecification\",\"valueRequired\":true,\"valueName\":\"search_term_string\"}}],\"inLanguage\":\"en-US\"},{\"@type\":\"Organization\",\"@id\":\"https:\\\/\\\/www.septem-decolletage.com\\\/#organization\",\"name\":\"Septem D\u00e9colletage\",\"url\":\"https:\\\/\\\/www.septem-decolletage.com\\\/\",\"logo\":{\"@type\":\"ImageObject\",\"inLanguage\":\"en-US\",\"@id\":\"https:\\\/\\\/www.septem-decolletage.com\\\/#\\\/schema\\\/logo\\\/image\\\/\",\"url\":\"https:\\\/\\\/www.septem-decolletage.com\\\/wp-content\\\/uploads\\\/2025\\\/05\\\/cropped-septem_mecaero.png\",\"contentUrl\":\"https:\\\/\\\/www.septem-decolletage.com\\\/wp-content\\\/uploads\\\/2025\\\/05\\\/cropped-septem_mecaero.png\",\"width\":500,\"height\":232,\"caption\":\"Septem D\u00e9colletage\"},\"image\":{\"@id\":\"https:\\\/\\\/www.septem-decolletage.com\\\/#\\\/schema\\\/logo\\\/image\\\/\"}}]}<\/script>\n<!-- \/ Yoast SEO plugin. -->","yoast_head_json":{"title":"Cookies - Septem D\u00e9colletage","robots":{"index":"index","follow":"follow","max-snippet":"max-snippet:-1","max-image-preview":"max-image-preview:large","max-video-preview":"max-video-preview:-1"},"canonical":"https:\/\/www.septem-decolletage.com\/en\/cookies\/","og_locale":"en_US","og_type":"article","og_title":"Cookies - Septem D\u00e9colletage","og_description":"G\u00e9rer vos pr\u00e9f\u00e9rences de cookie Modifier vos cookies ici","og_url":"https:\/\/www.septem-decolletage.com\/en\/cookies\/","og_site_name":"Septem D\u00e9colletage","article_modified_time":"2025-07-07T20:18:05+00:00","twitter_card":"summary_large_image","twitter_misc":{"Est. reading time":"1 minute"},"schema":{"@context":"https:\/\/schema.org","@graph":[{"@type":"WebPage","@id":"https:\/\/www.septem-decolletage.com\/cookies\/","url":"https:\/\/www.septem-decolletage.com\/cookies\/","name":"Cookies - Septem D\u00e9colletage","isPartOf":{"@id":"https:\/\/www.septem-decolletage.com\/#website"},"datePublished":"2025-03-29T15:48:43+00:00","dateModified":"2025-07-07T20:18:05+00:00","breadcrumb":{"@id":"https:\/\/www.septem-decolletage.com\/cookies\/#breadcrumb"},"inLanguage":"en-US","potentialAction":[{"@type":"ReadAction","target":["https:\/\/www.septem-decolletage.com\/cookies\/"]}]},{"@type":"BreadcrumbList","@id":"https:\/\/www.septem-decolletage.com\/cookies\/#breadcrumb","itemListElement":[{"@type":"ListItem","position":1,"name":"Accueil","item":"https:\/\/www.septem-decolletage.com\/"},{"@type":"ListItem","position":2,"name":"Cookies"}]},{"@type":"WebSite","@id":"https:\/\/www.septem-decolletage.com\/#website","url":"https:\/\/www.septem-decolletage.com\/","name":"Septem D\u00e9colletage","description":"","publisher":{"@id":"https:\/\/www.septem-decolletage.com\/#organization"},"potentialAction":[{"@type":"SearchAction","target":{"@type":"EntryPoint","urlTemplate":"https:\/\/www.septem-decolletage.com\/?s={search_term_string}"},"query-input":{"@type":"PropertyValueSpecification","valueRequired":true,"valueName":"search_term_string"}}],"inLanguage":"en-US"},{"@type":"Organization","@id":"https:\/\/www.septem-decolletage.com\/#organization","name":"Septem D\u00e9colletage","url":"https:\/\/www.septem-decolletage.com\/","logo":{"@type":"ImageObject","inLanguage":"en-US","@id":"https:\/\/www.septem-decolletage.com\/#\/schema\/logo\/image\/","url":"https:\/\/www.septem-decolletage.com\/wp-content\/uploads\/2025\/05\/cropped-septem_mecaero.png","contentUrl":"https:\/\/www.septem-decolletage.com\/wp-content\/uploads\/2025\/05\/cropped-septem_mecaero.png","width":500,"height":232,"caption":"Septem D\u00e9colletage"},"image":{"@id":"https:\/\/www.septem-decolletage.com\/#\/schema\/logo\/image\/"}}]}},"_links":{"self":[{"href":"https:\/\/www.septem-decolletage.com\/en\/wp-json\/wp\/v2\/pages\/287","targetHints":{"allow":["GET"]}}],"collection":[{"href":"https:\/\/www.septem-decolletage.com\/en\/wp-json\/wp\/v2\/pages"}],"about":[{"href":"https:\/\/www.septem-decolletage.com\/en\/wp-json\/wp\/v2\/types\/page"}],"author":[{"embeddable":true,"href":"https:\/\/www.septem-decolletage.com\/en\/wp-json\/wp\/v2\/users\/1"}],"replies":[{"embeddable":true,"href":"https:\/\/www.septem-decolletage.com\/en\/wp-json\/wp\/v2\/comments?post=287"}],"version-history":[{"count":0,"href":"https:\/\/www.septem-decolletage.com\/en\/wp-json\/wp\/v2\/pages\/287\/revisions"}],"wp:attachment":[{"href":"https:\/\/www.septem-decolletage.com\/en\/wp-json\/wp\/v2\/media?parent=287"}],"curies":[{"name":"wp","href":"https:\/\/api.w.org\/{rel}","templated":true}]}}